{"id":144,"date":"2020-09-16T13:02:22","date_gmt":"2020-09-16T13:02:22","guid":{"rendered":"https:\/\/lieno.com.br\/st\/?page_id=144"},"modified":"2020-10-08T18:49:43","modified_gmt":"2020-10-08T18:49:43","slug":"fale-conosco","status":"publish","type":"page","link":"https:\/\/lieno.com.br\/st\/fale-conosco\/","title":{"rendered":"FALE CONOSCO"},"content":{"rendered":"<body>\t\t<div data-elementor-type=\"wp-page\" data-elementor-id=\"144\" class=\"elementor elementor-144\">\n\t\t\t\t\t\t<section class=\"elementor-section elementor-top-section elementor-element elementor-element-b159679 elementor-section-stretched elementor-section-boxed elementor-section-height-default elementor-section-height-default\" data-id=\"b159679\" data-element_type=\"section\" data-e-type=\"section\" data-settings=\"{&quot;stretch_section&quot;:&quot;section-stretched&quot;}\">\n\t\t\t\t\t\t<div class=\"elementor-container elementor-column-gap-default\">\n\t\t\t\t\t<div class=\"elementor-column elementor-col-100 elementor-top-column elementor-element elementor-element-73cba27\" data-id=\"73cba27\" data-element_type=\"column\" data-e-type=\"column\">\n\t\t\t<div class=\"elementor-widget-wrap elementor-element-populated\">\n\t\t\t\t\t\t<div class=\"elementor-element elementor-element-aec499f elementor-widget elementor-widget-heading\" data-id=\"aec499f\" data-element_type=\"widget\" data-e-type=\"widget\" data-widget_type=\"heading.default\">\n\t\t\t\t<div class=\"elementor-widget-container\">\n\t\t\t\t\t<h2 class=\"elementor-heading-title elementor-size-default\">SOLICITE O SEU OR\u00c7AMENTO<\/h2>\t\t\t\t<\/div>\n\t\t\t\t<\/div>\n\t\t\t\t<div class=\"elementor-element elementor-element-2cc8a9a elementor-widget elementor-widget-text-editor\" data-id=\"2cc8a9a\" data-element_type=\"widget\" data-e-type=\"widget\" data-widget_type=\"text-editor.default\">\n\t\t\t\t<div class=\"elementor-widget-container\">\n\t\t\t\t\t\t\t\t\t<p>Entre em contato e desenvolva seu projeto de tecnologia com os melhores profissionais da \u00e1rea.<\/p>\t\t\t\t\t\t\t\t<\/div>\n\t\t\t\t<\/div>\n\t\t\t\t\t<\/div>\n\t\t<\/div>\n\t\t\t\t\t<\/div>\n\t\t<\/section>\n\t\t\t\t<section class=\"elementor-section elementor-top-section elementor-element elementor-element-bddb7b1 elementor-section-boxed elementor-section-height-default elementor-section-height-default\" data-id=\"bddb7b1\" data-element_type=\"section\" data-e-type=\"section\">\n\t\t\t\t\t\t<div class=\"elementor-container elementor-column-gap-default\">\n\t\t\t\t\t<div class=\"elementor-column elementor-col-100 elementor-top-column elementor-element elementor-element-798a002\" data-id=\"798a002\" data-element_type=\"column\" data-e-type=\"column\">\n\t\t\t<div class=\"elementor-widget-wrap elementor-element-populated\">\n\t\t\t\t\t\t<div class=\"elementor-element elementor-element-691090d elementor-widget elementor-widget-content_form_contact\" data-id=\"691090d\" data-element_type=\"widget\" data-e-type=\"widget\" data-widget_type=\"content_form_contact.default\">\n\t\t\t\t<div class=\"elementor-widget-container\">\n\t\t\t\t\t<form action=\"https:\/\/lieno.com.br\/st\/wp-admin\/admin-post.php\" method=\"post\" name=\"content-form-691090d\" id=\"content-form-691090d\" class=\"ti-cf-module content-form content-form-contact content_form_contact\"><input type=\"hidden\" id=\"_wpnonce_contact\" name=\"_wpnonce_contact\" value=\"518dbf98e1\"><input type=\"hidden\" name=\"_wp_http_referer\" value=\"\/st\/fale-conosco\/\"><input type=\"hidden\" name=\"action\" value=\"content_form_submit\"><input type=\"hidden\" name=\"form-type\" value=\"contact\"><input type=\"hidden\" name=\"form-builder\" value=\"elementor\"><input type=\"hidden\" name=\"post-id\" value=\"144\"><input type=\"hidden\" name=\"form-id\" value=\"691090d\"><fieldset class=\"&quot;content-form-field-text\" elementor-column elementor-col-100&quot;><label for=\"data[691090d][name]\">Nome<span class=\"required-mark\"> *<\/span><\/label><input type=\"text\" name=\"data[691090d][name]\" id=\"data[691090d][name]\" required=\"required\" placeholder=\"Digite o seu nome\"><\/fieldset><fieldset class=\"&quot;content-form-field-email\" elementor-column elementor-col-100&quot;><label for=\"data[691090d][email]\">Email<span class=\"required-mark\"> *<\/span><\/label><input type=\"text\" name=\"data[691090d][email]\" id=\"data[691090d][email]\" required=\"required\" placeholder=\"Digite o seu email\"><\/fieldset><fieldset class=\"&quot;content-form-field-number\" elementor-column elementor-col-100&quot;><label for=\"data[691090d][phone]\">Celular<\/label><input type=\"text\" name=\"data[691090d][phone]\" id=\"data[691090d][phone]\" placeholder=\"Digite o seu celular\"><\/fieldset><fieldset class=\"&quot;content-form-field-textarea\" elementor-column elementor-col-100&quot;><label for=\"data[691090d][message]\">Mensagem<span class=\"required-mark\"> *<\/span><\/label><textarea name=\"data[691090d][message]\" id=\"data[691090d][message]\" required=\"required\" placeholder=\"Digite a sua mensagem\" cols=\"30\" rows=\"5\"><\/textarea><\/fieldset><fieldset class=\"submit-form contact\"><button type=\"submit\" name=\"submit\" value=\"submit-contact-691090d\" class=\"\">Enviar<\/button><\/fieldset><\/form>\t\t\t\t<\/div>\n\t\t\t\t<\/div>\n\t\t\t\t\t<\/div>\n\t\t<\/div>\n\t\t\t\t\t<\/div>\n\t\t<\/section>\n\t\t\t\t<section class=\"elementor-section elementor-top-section elementor-element elementor-element-6dda8ff elementor-section-stretched elementor-section-boxed elementor-section-height-default elementor-section-height-default\" data-id=\"6dda8ff\" data-element_type=\"section\" data-e-type=\"section\" data-settings=\"{&quot;background_background&quot;:&quot;classic&quot;,&quot;stretch_section&quot;:&quot;section-stretched&quot;}\">\n\t\t\t\t\t\t<div class=\"elementor-container elementor-column-gap-default\">\n\t\t\t\t\t<div class=\"elementor-column elementor-col-50 elementor-top-column elementor-element elementor-element-bed95ae\" data-id=\"bed95ae\" data-element_type=\"column\" data-e-type=\"column\">\n\t\t\t<div class=\"elementor-widget-wrap elementor-element-populated\">\n\t\t\t\t\t\t<div class=\"elementor-element elementor-element-f85c765 elementor-widget elementor-widget-heading\" data-id=\"f85c765\" data-element_type=\"widget\" data-e-type=\"widget\" data-widget_type=\"heading.default\">\n\t\t\t\t<div class=\"elementor-widget-container\">\n\t\t\t\t\t<h2 class=\"elementor-heading-title elementor-size-default\">Acompanhe Nas Redes<\/h2>\t\t\t\t<\/div>\n\t\t\t\t<\/div>\n\t\t\t\t<div class=\"elementor-element elementor-element-21cee2c e-grid-align-left e-grid-align-mobile-center elementor-shape-rounded elementor-grid-0 elementor-widget elementor-widget-social-icons\" data-id=\"21cee2c\" data-element_type=\"widget\" data-e-type=\"widget\" data-widget_type=\"social-icons.default\">\n\t\t\t\t<div class=\"elementor-widget-container\">\n\t\t\t\t\t\t\t<div class=\"elementor-social-icons-wrapper elementor-grid\" role=\"list\">\n\t\t\t\t\t\t\t<span class=\"elementor-grid-item\" role=\"listitem\">\n\t\t\t\t\t<a class=\"elementor-icon elementor-social-icon elementor-social-icon-instagram elementor-repeater-item-e83aba9\" href=\"https:\/\/www.instagram.com\/lienotecnologia\" target=\"_blank\">\n\t\t\t\t\t\t<span class=\"elementor-screen-only\">Instagram<\/span>\n\t\t\t\t\t\t<i aria-hidden=\"true\" class=\"fab fa-instagram\"><\/i>\t\t\t\t\t<\/a>\n\t\t\t\t<\/span>\n\t\t\t\t\t\t\t<span class=\"elementor-grid-item\" role=\"listitem\">\n\t\t\t\t\t<a class=\"elementor-icon elementor-social-icon elementor-social-icon-linkedin elementor-repeater-item-9be57a2\" href=\"https:\/\/www.linkedin.com\/company\/lieno-tecnologia\" target=\"_blank\">\n\t\t\t\t\t\t<span class=\"elementor-screen-only\">Linkedin<\/span>\n\t\t\t\t\t\t<i aria-hidden=\"true\" class=\"fab fa-linkedin\"><\/i>\t\t\t\t\t<\/a>\n\t\t\t\t<\/span>\n\t\t\t\t\t\t\t<span class=\"elementor-grid-item\" role=\"listitem\">\n\t\t\t\t\t<a class=\"elementor-icon elementor-social-icon elementor-social-icon-whatsapp elementor-repeater-item-a96bb45\" href=\"https:\/\/api.whatsapp.com\/send?phone=5583982038323\" target=\"_blank\">\n\t\t\t\t\t\t<span class=\"elementor-screen-only\">Whatsapp<\/span>\n\t\t\t\t\t\t<i aria-hidden=\"true\" class=\"fab fa-whatsapp\"><\/i>\t\t\t\t\t<\/a>\n\t\t\t\t<\/span>\n\t\t\t\t\t<\/div>\n\t\t\t\t\t\t<\/div>\n\t\t\t\t<\/div>\n\t\t\t\t\t<\/div>\n\t\t<\/div>\n\t\t\t\t<div class=\"elementor-column elementor-col-50 elementor-top-column elementor-element elementor-element-09c495a\" data-id=\"09c495a\" data-element_type=\"column\" data-e-type=\"column\">\n\t\t\t<div class=\"elementor-widget-wrap elementor-element-populated\">\n\t\t\t\t\t\t<div class=\"elementor-element elementor-element-9600eb7 elementor-widget elementor-widget-heading\" data-id=\"9600eb7\" data-element_type=\"widget\" data-e-type=\"widget\" data-widget_type=\"heading.default\">\n\t\t\t\t<div class=\"elementor-widget-container\">\n\t\t\t\t\t<h2 class=\"elementor-heading-title elementor-size-default\">Onde Estamos<\/h2>\t\t\t\t<\/div>\n\t\t\t\t<\/div>\n\t\t\t\t<div class=\"elementor-element elementor-element-37c88f5 elementor-widget elementor-widget-google_maps\" data-id=\"37c88f5\" data-element_type=\"widget\" data-e-type=\"widget\" data-widget_type=\"google_maps.default\">\n\t\t\t\t<div class=\"elementor-widget-container\">\n\t\t\t\t\t\t\t<div class=\"elementor-custom-embed\">\n\t\t\t<iframe loading=\"lazy\" src=\"https:\/\/maps.google.com\/maps?q=Av.%20Fl%C3%A1vio%20Ribeiro%20Coutinho%2C%20n%C2%BA%20500%20-%20Liv%20Mall%2C%20sala%20832%2C%20Jo%C3%A3o%20Pessoa%2C%20PB%2058037-005%2C%20Brasil&amp;t=m&amp;z=16&amp;output=embed&amp;iwloc=near\" title=\"Av. Fl\u00e1vio Ribeiro Coutinho, n\u00ba 500 - Liv Mall, sala 832, Jo\u00e3o Pessoa, PB 58037-005, Brasil\" aria-label=\"Av. Fl\u00e1vio Ribeiro Coutinho, n\u00ba 500 - Liv Mall, sala 832, Jo\u00e3o Pessoa, PB 58037-005, Brasil\"><\/iframe>\n\t\t<\/div>\n\t\t\t\t\t\t<\/div>\n\t\t\t\t<\/div>\n\t\t\t\t<div class=\"elementor-element elementor-element-a595620 elementor-widget elementor-widget-text-editor\" data-id=\"a595620\" data-element_type=\"widget\" data-e-type=\"widget\" data-widget_type=\"text-editor.default\">\n\t\t\t\t<div class=\"elementor-widget-container\">\n\t\t\t\t\t\t\t\t\t<p><span>Av. Fl\u00e1vio Ribeiro Coutinho, n\u00ba 500, Liv Mall, sala 832, <\/span><span>Jo\u00e3o Pessoa, PB 58037-005, Brasil.<\/span><\/p>\t\t\t\t\t\t\t\t<\/div>\n\t\t\t\t<\/div>\n\t\t\t\t\t<\/div>\n\t\t<\/div>\n\t\t\t\t\t<\/div>\n\t\t<\/section>\n\t\t\t\t<\/div>\n\t\t<\/body>","protected":false},"excerpt":{"rendered":"<p>SOLICITE O SEU OR\u00c7AMENTO Entre em contato e desenvolva seu projeto de tecnologia com os melhores profissionais da \u00e1rea. Nome * Email * Celular Mensagem * Enviar Acompanhe Nas Redes Instagram Linkedin Whatsapp Onde Estamos Av. Fl\u00e1vio Ribeiro Coutinho, n\u00ba 500, Liv Mall, sala 832, Jo\u00e3o Pessoa, PB 58037-005, Brasil.<\/p>\n","protected":false},"author":1,"featured_media":0,"parent":0,"menu_order":0,"comment_status":"closed","ping_status":"closed","template":"page-templates\/template-pagebuilder-full-width.php","meta":{"_monsterinsights_skip_tracking":false,"_monsterinsights_sitenote_active":false,"_monsterinsights_sitenote_note":"","_monsterinsights_sitenote_category":0,"footnotes":""},"class_list":["post-144","page","type-page","status-publish","hentry"],"aioseo_notices":[],"jetpack_sharing_enabled":true,"_links":{"self":[{"href":"https:\/\/lieno.com.br\/st\/wp-json\/wp\/v2\/pages\/144","targetHints":{"allow":["GET"]}}],"collection":[{"href":"https:\/\/lieno.com.br\/st\/wp-json\/wp\/v2\/pages"}],"about":[{"href":"https:\/\/lieno.com.br\/st\/wp-json\/wp\/v2\/types\/page"}],"author":[{"embeddable":true,"href":"https:\/\/lieno.com.br\/st\/wp-json\/wp\/v2\/users\/1"}],"replies":[{"embeddable":true,"href":"https:\/\/lieno.com.br\/st\/wp-json\/wp\/v2\/comments?post=144"}],"version-history":[{"count":18,"href":"https:\/\/lieno.com.br\/st\/wp-json\/wp\/v2\/pages\/144\/revisions"}],"predecessor-version":[{"id":636,"href":"https:\/\/lieno.com.br\/st\/wp-json\/wp\/v2\/pages\/144\/revisions\/636"}],"wp:attachment":[{"href":"https:\/\/lieno.com.br\/st\/wp-json\/wp\/v2\/media?parent=144"}],"curies":[{"name":"wp","href":"https:\/\/api.w.org\/{rel}","templated":true}]}}