{"id":452,"date":"2020-09-28T14:51:50","date_gmt":"2020-09-28T14:51:50","guid":{"rendered":"https:\/\/lieno.com.br\/st\/?page_id=452"},"modified":"2020-09-28T19:04:40","modified_gmt":"2020-09-28T19:04:40","slug":"projetos-de-softwares-especiais","status":"publish","type":"page","link":"https:\/\/lieno.com.br\/st\/projetos-de-softwares-especiais\/","title":{"rendered":"Projetos de Softwares Especiais"},"content":{"rendered":"<body>\t\t<div data-elementor-type=\"wp-page\" data-elementor-id=\"452\" class=\"elementor elementor-452\">\n\t\t\t\t\t\t<section class=\"elementor-section elementor-top-section elementor-element elementor-element-e4d2dec elementor-section-stretched elementor-section-boxed elementor-section-height-default elementor-section-height-default\" data-id=\"e4d2dec\" data-element_type=\"section\" data-e-type=\"section\" data-settings=\"{&quot;stretch_section&quot;:&quot;section-stretched&quot;}\">\n\t\t\t\t\t\t<div class=\"elementor-container elementor-column-gap-default\">\n\t\t\t\t\t<div class=\"elementor-column elementor-col-100 elementor-top-column elementor-element elementor-element-8688935\" data-id=\"8688935\" data-element_type=\"column\" data-e-type=\"column\">\n\t\t\t<div class=\"elementor-widget-wrap elementor-element-populated\">\n\t\t\t\t\t\t<div class=\"elementor-element elementor-element-7d08fc3 elementor-widget elementor-widget-heading\" data-id=\"7d08fc3\" data-element_type=\"widget\" data-e-type=\"widget\" data-widget_type=\"heading.default\">\n\t\t\t\t<div class=\"elementor-widget-container\">\n\t\t\t\t\t<h2 class=\"elementor-heading-title elementor-size-default\">Projetos de Softwares Especiais<\/h2>\t\t\t\t<\/div>\n\t\t\t\t<\/div>\n\t\t\t\t<div class=\"elementor-element elementor-element-94d5f4d elementor-widget elementor-widget-text-editor\" data-id=\"94d5f4d\" data-element_type=\"widget\" data-e-type=\"widget\" data-widget_type=\"text-editor.default\">\n\t\t\t\t<div class=\"elementor-widget-container\">\n\t\t\t\t\t\t\t\t\t<p>Desenvolvemos solu\u00e7\u00f5es de softwares para diversas arquiteturas e plataformas, com \u00eanfase em intelig\u00eancia computacional, capazes de aprender e serem cada vez mais assertivos nos resultados na medida que v\u00e3o sendo utilizados.<\/p>\n<p>EXEMPLOS DE PROJETOS<\/p>\n<p>Middlewares e Integra\u00e7\u00f5es<\/p>\n<p>Integra\u00e7\u00e3o entre subsistemas e dispositivos n\u00e3o compat\u00edveis entre si<\/p>\n<p>Bots com I.A.<\/p>\n<p>Telefonista virtual (URA inteligente)<\/p>\n<p>Atendente virtual<\/p>\n<p>Sistemas de Vis\u00e3o Computacional<\/p>\n<p>Inspe\u00e7\u00e3o de pe\u00e7as defeituosas<\/p>\n<p>Reconhecimento facial<\/p>\n<p>Reconhecimento de produtos<\/p>\n<p>Sistemas de Controle<\/p>\n<p>Automa\u00e7\u00e3o de m\u00e1quinas industriais<\/p>\n<p>Controle PID de fancoils e exaustores para efici\u00eancia energ\u00e9tica<\/p>\n<p>Sistemas de Machine Learning<\/p>\n<p>Diagn\u00f3stico automatizado de falhas em manuten\u00e7\u00e3o preditiva<\/p>\t\t\t\t\t\t\t\t<\/div>\n\t\t\t\t<\/div>\n\t\t\t\t<div class=\"elementor-element elementor-element-36fc15b elementor-widget elementor-widget-text-editor\" data-id=\"36fc15b\" data-element_type=\"widget\" data-e-type=\"widget\" data-widget_type=\"text-editor.default\">\n\t\t\t\t<div class=\"elementor-widget-container\">\n\t\t\t\t\t\t\t\t\t<ul><li>Middlewares e Integra\u00e7\u00f5es<\/li><li>Bots com I.A.<\/li><li>Sistemas de Vis\u00e3o Computacional<\/li><li>Sistemas de Controle<\/li><li>Sistemas de Machine Learning<\/li><\/ul>\t\t\t\t\t\t\t\t<\/div>\n\t\t\t\t<\/div>\n\t\t\t\t\t<\/div>\n\t\t<\/div>\n\t\t\t\t\t<\/div>\n\t\t<\/section>\n\t\t\t\t<section class=\"elementor-section elementor-top-section elementor-element elementor-element-850e0db elementor-section-stretched elementor-section-boxed elementor-section-height-default elementor-section-height-default\" data-id=\"850e0db\" data-element_type=\"section\" data-e-type=\"section\" data-settings=\"{&quot;background_background&quot;:&quot;classic&quot;,&quot;stretch_section&quot;:&quot;section-stretched&quot;}\">\n\t\t\t\t\t\t<div class=\"elementor-container elementor-column-gap-default\">\n\t\t\t\t\t<div class=\"elementor-column elementor-col-50 elementor-top-column elementor-element elementor-element-a33a041\" data-id=\"a33a041\" data-element_type=\"column\" data-e-type=\"column\">\n\t\t\t<div class=\"elementor-widget-wrap elementor-element-populated\">\n\t\t\t\t\t\t<div class=\"elementor-element elementor-element-b914013 elementor-widget elementor-widget-heading\" data-id=\"b914013\" data-element_type=\"widget\" data-e-type=\"widget\" data-widget_type=\"heading.default\">\n\t\t\t\t<div class=\"elementor-widget-container\">\n\t\t\t\t\t<h2 class=\"elementor-heading-title elementor-size-default\">Acompanhe Nas Redes<\/h2>\t\t\t\t<\/div>\n\t\t\t\t<\/div>\n\t\t\t\t<div class=\"elementor-element elementor-element-b61f435 e-grid-align-left elementor-shape-rounded elementor-grid-0 elementor-widget elementor-widget-social-icons\" data-id=\"b61f435\" data-element_type=\"widget\" data-e-type=\"widget\" data-widget_type=\"social-icons.default\">\n\t\t\t\t<div class=\"elementor-widget-container\">\n\t\t\t\t\t\t\t<div class=\"elementor-social-icons-wrapper elementor-grid\" role=\"list\">\n\t\t\t\t\t\t\t<span class=\"elementor-grid-item\" role=\"listitem\">\n\t\t\t\t\t<a class=\"elementor-icon elementor-social-icon elementor-social-icon-instagram elementor-repeater-item-e83aba9\" href=\"https:\/\/www.instagram.com\/lienotecnologia\" target=\"_blank\">\n\t\t\t\t\t\t<span class=\"elementor-screen-only\">Instagram<\/span>\n\t\t\t\t\t\t<i aria-hidden=\"true\" class=\"fab fa-instagram\"><\/i>\t\t\t\t\t<\/a>\n\t\t\t\t<\/span>\n\t\t\t\t\t\t\t<span class=\"elementor-grid-item\" role=\"listitem\">\n\t\t\t\t\t<a class=\"elementor-icon elementor-social-icon elementor-social-icon-linkedin elementor-repeater-item-9be57a2\" href=\"https:\/\/www.linkedin.com\/company\/lieno-tecnologia\" target=\"_blank\">\n\t\t\t\t\t\t<span class=\"elementor-screen-only\">Linkedin<\/span>\n\t\t\t\t\t\t<i aria-hidden=\"true\" class=\"fab fa-linkedin\"><\/i>\t\t\t\t\t<\/a>\n\t\t\t\t<\/span>\n\t\t\t\t\t\t\t<span class=\"elementor-grid-item\" role=\"listitem\">\n\t\t\t\t\t<a class=\"elementor-icon elementor-social-icon elementor-social-icon-whatsapp elementor-repeater-item-a96bb45\" href=\"https:\/\/api.whatsapp.com\/send?phone=5583982038323\" target=\"_blank\">\n\t\t\t\t\t\t<span class=\"elementor-screen-only\">Whatsapp<\/span>\n\t\t\t\t\t\t<i aria-hidden=\"true\" class=\"fab fa-whatsapp\"><\/i>\t\t\t\t\t<\/a>\n\t\t\t\t<\/span>\n\t\t\t\t\t<\/div>\n\t\t\t\t\t\t<\/div>\n\t\t\t\t<\/div>\n\t\t\t\t\t<\/div>\n\t\t<\/div>\n\t\t\t\t<div class=\"elementor-column elementor-col-50 elementor-top-column elementor-element elementor-element-6b24cec\" data-id=\"6b24cec\" data-element_type=\"column\" data-e-type=\"column\">\n\t\t\t<div class=\"elementor-widget-wrap elementor-element-populated\">\n\t\t\t\t\t\t<div class=\"elementor-element elementor-element-7b4fbf4 elementor-widget elementor-widget-heading\" data-id=\"7b4fbf4\" data-element_type=\"widget\" data-e-type=\"widget\" data-widget_type=\"heading.default\">\n\t\t\t\t<div class=\"elementor-widget-container\">\n\t\t\t\t\t<h2 class=\"elementor-heading-title elementor-size-default\">Onde Estamos<\/h2>\t\t\t\t<\/div>\n\t\t\t\t<\/div>\n\t\t\t\t<div class=\"elementor-element elementor-element-6681f2e elementor-widget elementor-widget-google_maps\" data-id=\"6681f2e\" data-element_type=\"widget\" data-e-type=\"widget\" data-widget_type=\"google_maps.default\">\n\t\t\t\t<div class=\"elementor-widget-container\">\n\t\t\t\t\t\t\t<div class=\"elementor-custom-embed\">\n\t\t\t<iframe loading=\"lazy\" src=\"https:\/\/maps.google.com\/maps?q=Av.%20Fl%C3%A1vio%20Ribeiro%20Coutinho%2C%20n%C2%BA%20500%20-%20Liv%20Mall%2C%20sala%20832%2C%20Jo%C3%A3o%20Pessoa%2C%20PB%2058037-005%2C%20Brasil&amp;t=m&amp;z=16&amp;output=embed&amp;iwloc=near\" title=\"Av. Fl\u00e1vio Ribeiro Coutinho, n\u00ba 500 - Liv Mall, sala 832, Jo\u00e3o Pessoa, PB 58037-005, Brasil\" aria-label=\"Av. Fl\u00e1vio Ribeiro Coutinho, n\u00ba 500 - Liv Mall, sala 832, Jo\u00e3o Pessoa, PB 58037-005, Brasil\"><\/iframe>\n\t\t<\/div>\n\t\t\t\t\t\t<\/div>\n\t\t\t\t<\/div>\n\t\t\t\t<div class=\"elementor-element elementor-element-e7b2bdf elementor-widget elementor-widget-text-editor\" data-id=\"e7b2bdf\" data-element_type=\"widget\" data-e-type=\"widget\" data-widget_type=\"text-editor.default\">\n\t\t\t\t<div class=\"elementor-widget-container\">\n\t\t\t\t\t\t\t\t\t<p><span>Av. Fl\u00e1vio Ribeiro Coutinho, n\u00ba 500, Liv Mall, sala 832, <\/span><span>Jo\u00e3o Pessoa, PB 58037-005, Brasil.<\/span><\/p>\t\t\t\t\t\t\t\t<\/div>\n\t\t\t\t<\/div>\n\t\t\t\t\t<\/div>\n\t\t<\/div>\n\t\t\t\t\t<\/div>\n\t\t<\/section>\n\t\t\t\t<\/div>\n\t\t<\/body>","protected":false},"excerpt":{"rendered":"<p>Projetos de Softwares Especiais Desenvolvemos solu\u00e7\u00f5es de softwares para diversas arquiteturas e plataformas, com \u00eanfase em intelig\u00eancia computacional, capazes de aprender e serem cada vez mais assertivos nos resultados na medida que v\u00e3o sendo utilizados. EXEMPLOS DE PROJETOS Middlewares e Integra\u00e7\u00f5es Integra\u00e7\u00e3o entre subsistemas e dispositivos n\u00e3o compat\u00edveis entre si [&hellip;]<\/p>\n","protected":false},"author":1,"featured_media":0,"parent":0,"menu_order":0,"comment_status":"closed","ping_status":"closed","template":"","meta":{"_monsterinsights_skip_tracking":false,"_monsterinsights_sitenote_active":false,"_monsterinsights_sitenote_note":"","_monsterinsights_sitenote_category":0,"footnotes":""},"class_list":["post-452","page","type-page","status-publish","hentry"],"aioseo_notices":[],"jetpack_sharing_enabled":true,"_links":{"self":[{"href":"https:\/\/lieno.com.br\/st\/wp-json\/wp\/v2\/pages\/452","targetHints":{"allow":["GET"]}}],"collection":[{"href":"https:\/\/lieno.com.br\/st\/wp-json\/wp\/v2\/pages"}],"about":[{"href":"https:\/\/lieno.com.br\/st\/wp-json\/wp\/v2\/types\/page"}],"author":[{"embeddable":true,"href":"https:\/\/lieno.com.br\/st\/wp-json\/wp\/v2\/users\/1"}],"replies":[{"embeddable":true,"href":"https:\/\/lieno.com.br\/st\/wp-json\/wp\/v2\/comments?post=452"}],"version-history":[{"count":4,"href":"https:\/\/lieno.com.br\/st\/wp-json\/wp\/v2\/pages\/452\/revisions"}],"predecessor-version":[{"id":468,"href":"https:\/\/lieno.com.br\/st\/wp-json\/wp\/v2\/pages\/452\/revisions\/468"}],"wp:attachment":[{"href":"https:\/\/lieno.com.br\/st\/wp-json\/wp\/v2\/media?parent=452"}],"curies":[{"name":"wp","href":"https:\/\/api.w.org\/{rel}","templated":true}]}}