{"id":454,"date":"2020-09-28T14:52:30","date_gmt":"2020-09-28T14:52:30","guid":{"rendered":"https:\/\/lieno.com.br\/st\/?page_id=454"},"modified":"2020-09-28T18:59:03","modified_gmt":"2020-09-28T18:59:03","slug":"homologacao-de-produtos","status":"publish","type":"page","link":"https:\/\/lieno.com.br\/st\/homologacao-de-produtos\/","title":{"rendered":"Homologa\u00e7\u00e3o de Produtos"},"content":{"rendered":"<body>\t\t<div data-elementor-type=\"wp-page\" data-elementor-id=\"454\" class=\"elementor elementor-454\">\n\t\t\t\t\t\t<section class=\"elementor-section elementor-top-section elementor-element elementor-element-e4d2dec elementor-section-stretched elementor-section-boxed elementor-section-height-default elementor-section-height-default\" data-id=\"e4d2dec\" data-element_type=\"section\" data-e-type=\"section\" data-settings=\"{&quot;stretch_section&quot;:&quot;section-stretched&quot;}\">\n\t\t\t\t\t\t<div class=\"elementor-container elementor-column-gap-default\">\n\t\t\t\t\t<div class=\"elementor-column elementor-col-100 elementor-top-column elementor-element elementor-element-8688935\" data-id=\"8688935\" data-element_type=\"column\" data-e-type=\"column\">\n\t\t\t<div class=\"elementor-widget-wrap elementor-element-populated\">\n\t\t\t\t\t\t<div class=\"elementor-element elementor-element-7d08fc3 elementor-widget elementor-widget-heading\" data-id=\"7d08fc3\" data-element_type=\"widget\" data-e-type=\"widget\" data-widget_type=\"heading.default\">\n\t\t\t\t<div class=\"elementor-widget-container\">\n\t\t\t\t\t<h2 class=\"elementor-heading-title elementor-size-default\">Homologa\u00e7\u00e3o de Produtos<\/h2>\t\t\t\t<\/div>\n\t\t\t\t<\/div>\n\t\t\t\t<div class=\"elementor-element elementor-element-94d5f4d elementor-widget elementor-widget-text-editor\" data-id=\"94d5f4d\" data-element_type=\"widget\" data-e-type=\"widget\" data-widget_type=\"text-editor.default\">\n\t\t\t\t<div class=\"elementor-widget-container\">\n\t\t\t\t\t\t\t\t\t<section class=\"elementor-section elementor-top-section elementor-element elementor-element-efef6c2 elementor-section-boxed elementor-section-height-default elementor-section-height-default\" data-id=\"efef6c2\" data-element_type=\"section\">\n<div class=\"elementor-container elementor-column-gap-default\">\n<div class=\"elementor-row\">\n<div class=\"elementor-column elementor-col-100 elementor-top-column elementor-element elementor-element-59462c7\" data-id=\"59462c7\" data-element_type=\"column\">\n<div class=\"elementor-column-wrap elementor-element-populated\">\n<div class=\"elementor-widget-wrap\">\n<div class=\"elementor-element elementor-element-3e898f1 elementor-widget elementor-widget-heading\" data-id=\"3e898f1\" data-element_type=\"widget\" data-widget_type=\"heading.default\">Preparamos produtos para serem homologados nas principais ag\u00eancias reguladoras nacionais e internacionais, criando firmwares de testes, verificando a conformidade do produto \u00e0s normas vigentes e, se necess\u00e1rio, corrigindo os pontos de inconformidade detectados no projeto. Uma vez que \u00e9 validada a conformidade do produto aos requisitos de homologa\u00e7\u00e3o, fazemos todos os encaminhamentos e acompanhamentos do processo.<\/div>\n<\/div>\n<\/div>\n<\/div>\n<\/div>\n<\/div>\n<\/section>\t\t\t\t\t\t\t\t<\/div>\n\t\t\t\t<\/div>\n\t\t\t\t<div class=\"elementor-element elementor-element-d346b32 elementor-widget elementor-widget-text-editor\" data-id=\"d346b32\" data-element_type=\"widget\" data-e-type=\"widget\" data-widget_type=\"text-editor.default\">\n\t\t\t\t<div class=\"elementor-widget-container\">\n\t\t\t\t\t\t\t\t\t<section class=\"elementor-section elementor-top-section elementor-element elementor-element-efef6c2 elementor-section-boxed elementor-section-height-default elementor-section-height-default\" data-id=\"efef6c2\" data-element_type=\"section\"><div class=\"elementor-container elementor-column-gap-default\"><div class=\"elementor-row\"><div class=\"elementor-column elementor-col-100 elementor-top-column elementor-element elementor-element-59462c7\" data-id=\"59462c7\" data-element_type=\"column\"><div class=\"elementor-column-wrap elementor-element-populated\"><div class=\"elementor-widget-wrap\"><ul><li class=\"elementor-element elementor-element-3e898f1 elementor-widget elementor-widget-heading\" data-id=\"3e898f1\" data-element_type=\"widget\" data-widget_type=\"heading.default\">Anatel<\/li><li class=\"elementor-element elementor-element-3e898f1 elementor-widget elementor-widget-heading\" data-id=\"3e898f1\" data-element_type=\"widget\" data-widget_type=\"heading.default\">Inmetro<\/li><li class=\"elementor-element elementor-element-3e898f1 elementor-widget elementor-widget-heading\" data-id=\"3e898f1\" data-element_type=\"widget\" data-widget_type=\"heading.default\">Anvisa<\/li><li class=\"elementor-element elementor-element-3e898f1 elementor-widget elementor-widget-heading\" data-id=\"3e898f1\" data-element_type=\"widget\" data-widget_type=\"heading.default\">Aneel<\/li><\/ul><\/div><\/div><\/div><\/div><\/div><\/section>\t\t\t\t\t\t\t\t<\/div>\n\t\t\t\t<\/div>\n\t\t\t\t\t<\/div>\n\t\t<\/div>\n\t\t\t\t\t<\/div>\n\t\t<\/section>\n\t\t\t\t<section class=\"elementor-section elementor-top-section elementor-element elementor-element-850e0db elementor-section-stretched elementor-section-boxed elementor-section-height-default elementor-section-height-default\" data-id=\"850e0db\" data-element_type=\"section\" data-e-type=\"section\" data-settings=\"{&quot;background_background&quot;:&quot;classic&quot;,&quot;stretch_section&quot;:&quot;section-stretched&quot;}\">\n\t\t\t\t\t\t<div class=\"elementor-container elementor-column-gap-default\">\n\t\t\t\t\t<div class=\"elementor-column elementor-col-50 elementor-top-column elementor-element elementor-element-a33a041\" data-id=\"a33a041\" data-element_type=\"column\" data-e-type=\"column\">\n\t\t\t<div class=\"elementor-widget-wrap elementor-element-populated\">\n\t\t\t\t\t\t<div class=\"elementor-element elementor-element-b914013 elementor-widget elementor-widget-heading\" data-id=\"b914013\" data-element_type=\"widget\" data-e-type=\"widget\" data-widget_type=\"heading.default\">\n\t\t\t\t<div class=\"elementor-widget-container\">\n\t\t\t\t\t<h2 class=\"elementor-heading-title elementor-size-default\">Acompanhe Nas Redes<\/h2>\t\t\t\t<\/div>\n\t\t\t\t<\/div>\n\t\t\t\t<div class=\"elementor-element elementor-element-b61f435 e-grid-align-left elementor-shape-rounded elementor-grid-0 elementor-widget elementor-widget-social-icons\" data-id=\"b61f435\" data-element_type=\"widget\" data-e-type=\"widget\" data-widget_type=\"social-icons.default\">\n\t\t\t\t<div class=\"elementor-widget-container\">\n\t\t\t\t\t\t\t<div class=\"elementor-social-icons-wrapper elementor-grid\" role=\"list\">\n\t\t\t\t\t\t\t<span class=\"elementor-grid-item\" role=\"listitem\">\n\t\t\t\t\t<a class=\"elementor-icon elementor-social-icon elementor-social-icon-instagram elementor-repeater-item-e83aba9\" href=\"https:\/\/www.instagram.com\/lienotecnologia\" target=\"_blank\">\n\t\t\t\t\t\t<span class=\"elementor-screen-only\">Instagram<\/span>\n\t\t\t\t\t\t<i aria-hidden=\"true\" class=\"fab fa-instagram\"><\/i>\t\t\t\t\t<\/a>\n\t\t\t\t<\/span>\n\t\t\t\t\t\t\t<span class=\"elementor-grid-item\" role=\"listitem\">\n\t\t\t\t\t<a class=\"elementor-icon elementor-social-icon elementor-social-icon-linkedin elementor-repeater-item-9be57a2\" href=\"https:\/\/www.linkedin.com\/company\/lieno-tecnologia\" target=\"_blank\">\n\t\t\t\t\t\t<span class=\"elementor-screen-only\">Linkedin<\/span>\n\t\t\t\t\t\t<i aria-hidden=\"true\" class=\"fab fa-linkedin\"><\/i>\t\t\t\t\t<\/a>\n\t\t\t\t<\/span>\n\t\t\t\t\t\t\t<span class=\"elementor-grid-item\" role=\"listitem\">\n\t\t\t\t\t<a class=\"elementor-icon elementor-social-icon elementor-social-icon-whatsapp elementor-repeater-item-a96bb45\" href=\"https:\/\/api.whatsapp.com\/send?phone=5583982038323\" target=\"_blank\">\n\t\t\t\t\t\t<span class=\"elementor-screen-only\">Whatsapp<\/span>\n\t\t\t\t\t\t<i aria-hidden=\"true\" class=\"fab fa-whatsapp\"><\/i>\t\t\t\t\t<\/a>\n\t\t\t\t<\/span>\n\t\t\t\t\t<\/div>\n\t\t\t\t\t\t<\/div>\n\t\t\t\t<\/div>\n\t\t\t\t\t<\/div>\n\t\t<\/div>\n\t\t\t\t<div class=\"elementor-column elementor-col-50 elementor-top-column elementor-element elementor-element-6b24cec\" data-id=\"6b24cec\" data-element_type=\"column\" data-e-type=\"column\">\n\t\t\t<div class=\"elementor-widget-wrap elementor-element-populated\">\n\t\t\t\t\t\t<div class=\"elementor-element elementor-element-7b4fbf4 elementor-widget elementor-widget-heading\" data-id=\"7b4fbf4\" data-element_type=\"widget\" data-e-type=\"widget\" data-widget_type=\"heading.default\">\n\t\t\t\t<div class=\"elementor-widget-container\">\n\t\t\t\t\t<h2 class=\"elementor-heading-title elementor-size-default\">Onde Estamos<\/h2>\t\t\t\t<\/div>\n\t\t\t\t<\/div>\n\t\t\t\t<div class=\"elementor-element elementor-element-6681f2e elementor-widget elementor-widget-google_maps\" data-id=\"6681f2e\" data-element_type=\"widget\" data-e-type=\"widget\" data-widget_type=\"google_maps.default\">\n\t\t\t\t<div class=\"elementor-widget-container\">\n\t\t\t\t\t\t\t<div class=\"elementor-custom-embed\">\n\t\t\t<iframe loading=\"lazy\" src=\"https:\/\/maps.google.com\/maps?q=Av.%20Fl%C3%A1vio%20Ribeiro%20Coutinho%2C%20n%C2%BA%20500%20-%20Liv%20Mall%2C%20sala%20832%2C%20Jo%C3%A3o%20Pessoa%2C%20PB%2058037-005%2C%20Brasil&amp;t=m&amp;z=16&amp;output=embed&amp;iwloc=near\" title=\"Av. Fl\u00e1vio Ribeiro Coutinho, n\u00ba 500 - Liv Mall, sala 832, Jo\u00e3o Pessoa, PB 58037-005, Brasil\" aria-label=\"Av. Fl\u00e1vio Ribeiro Coutinho, n\u00ba 500 - Liv Mall, sala 832, Jo\u00e3o Pessoa, PB 58037-005, Brasil\"><\/iframe>\n\t\t<\/div>\n\t\t\t\t\t\t<\/div>\n\t\t\t\t<\/div>\n\t\t\t\t<div class=\"elementor-element elementor-element-e7b2bdf elementor-widget elementor-widget-text-editor\" data-id=\"e7b2bdf\" data-element_type=\"widget\" data-e-type=\"widget\" data-widget_type=\"text-editor.default\">\n\t\t\t\t<div class=\"elementor-widget-container\">\n\t\t\t\t\t\t\t\t\t<p><span>Av. Fl\u00e1vio Ribeiro Coutinho, n\u00ba 500, Liv Mall, sala 832, <\/span><span>Jo\u00e3o Pessoa, PB 58037-005, Brasil.<\/span><\/p>\t\t\t\t\t\t\t\t<\/div>\n\t\t\t\t<\/div>\n\t\t\t\t\t<\/div>\n\t\t<\/div>\n\t\t\t\t\t<\/div>\n\t\t<\/section>\n\t\t\t\t<\/div>\n\t\t<\/body>","protected":false},"excerpt":{"rendered":"<p>Homologa\u00e7\u00e3o de Produtos Preparamos produtos para serem homologados nas principais ag\u00eancias reguladoras nacionais e internacionais, criando firmwares de testes, verificando a conformidade do produto \u00e0s normas vigentes e, se necess\u00e1rio, corrigindo os pontos de inconformidade detectados no projeto. Uma vez que \u00e9 validada a conformidade do produto aos requisitos de [&hellip;]<\/p>\n","protected":false},"author":1,"featured_media":0,"parent":0,"menu_order":0,"comment_status":"closed","ping_status":"closed","template":"","meta":{"_monsterinsights_skip_tracking":false,"_monsterinsights_sitenote_active":false,"_monsterinsights_sitenote_note":"","_monsterinsights_sitenote_category":0,"footnotes":""},"class_list":["post-454","page","type-page","status-publish","hentry"],"aioseo_notices":[],"jetpack_sharing_enabled":true,"_links":{"self":[{"href":"https:\/\/lieno.com.br\/st\/wp-json\/wp\/v2\/pages\/454","targetHints":{"allow":["GET"]}}],"collection":[{"href":"https:\/\/lieno.com.br\/st\/wp-json\/wp\/v2\/pages"}],"about":[{"href":"https:\/\/lieno.com.br\/st\/wp-json\/wp\/v2\/types\/page"}],"author":[{"embeddable":true,"href":"https:\/\/lieno.com.br\/st\/wp-json\/wp\/v2\/users\/1"}],"replies":[{"embeddable":true,"href":"https:\/\/lieno.com.br\/st\/wp-json\/wp\/v2\/comments?post=454"}],"version-history":[{"count":3,"href":"https:\/\/lieno.com.br\/st\/wp-json\/wp\/v2\/pages\/454\/revisions"}],"predecessor-version":[{"id":467,"href":"https:\/\/lieno.com.br\/st\/wp-json\/wp\/v2\/pages\/454\/revisions\/467"}],"wp:attachment":[{"href":"https:\/\/lieno.com.br\/st\/wp-json\/wp\/v2\/media?parent=454"}],"curies":[{"name":"wp","href":"https:\/\/api.w.org\/{rel}","templated":true}]}}